{"id":9913,"date":"2026-03-30T01:20:00","date_gmt":"2026-03-29T23:20:00","guid":{"rendered":"https:\/\/endirectdupotager.fr\/blog\/?page_id=9913"},"modified":"2026-03-30T01:20:00","modified_gmt":"2026-03-29T23:20:00","slug":"a-propos","status":"publish","type":"page","link":"https:\/\/endirectdupotager.fr\/blog\/a-propos\/","title":{"rendered":"\u00c0 propos"},"content":{"rendered":"<p><span style=\"font-weight: 400;\">En Direct du Potager est votre guide pratique pour cr\u00e9er, entretenir et r\u00e9colter votre potager avec m\u00e9thode et plaisir. Des associations de l\u00e9gumes \u00e0 la m\u00e9thode des trois s\u0153urs, du purin d&rsquo;ortie au compostage, de la permaculture au jardinage biologique : nous partageons des techniques \u00e9prouv\u00e9es pour que votre potager soit une source de fiert\u00e9 et d&rsquo;abondance. <\/span><span style=\"font-weight: 400;\">Notre \u00e9quipe rassemble des jardiniers amateurs passionn\u00e9s, des permaculteurs, des mara\u00eechers et des r\u00e9dacteurs amoureux du jardinage durable.<\/span><\/p>\n","protected":false},"excerpt":{"rendered":"","protected":false},"author":34,"featured_media":0,"parent":0,"menu_order":0,"comment_status":"closed","ping_status":"closed","template":"","meta":{"_acf_changed":false,"manual_indexmenow":false,"indexmenow_id_project":0,"footnotes":""},"class_list":["post-9913","page","type-page","status-publish"],"acf":[],"yoast_head":"<!-- This site is optimized with the Yoast SEO Premium plugin v21.3 (Yoast SEO v25.6) - https:\/\/yoast.com\/wordpress\/plugins\/seo\/ -->\n<title>\u00c0 propos<\/title>\n<meta name=\"description\" content=\"En Direct du Potager est votre guide pratique pour cr\u00e9er, entretenir et r\u00e9colter votre potager avec m\u00e9thode et plaisir. Des associations de l\u00e9gumes \u00e0 la\" \/>\n<meta name=\"robots\" content=\"index, follow, max-snippet:-1, max-image-preview:large, max-video-preview:-1\" \/>\n<link rel=\"canonical\" href=\"https:\/\/endirectdupotager.fr\/blog\/a-propos\/\" \/>\n<meta property=\"og:locale\" content=\"fr_FR\" \/>\n<meta property=\"og:type\" content=\"article\" \/>\n<meta property=\"og:title\" content=\"\u00c0 propos\" \/>\n<meta property=\"og:description\" content=\"En Direct du Potager est votre guide pratique pour cr\u00e9er, entretenir et r\u00e9colter votre potager avec m\u00e9thode et plaisir. Des associations de l\u00e9gumes \u00e0 la\" \/>\n<meta property=\"og:url\" content=\"https:\/\/endirectdupotager.fr\/blog\/a-propos\/\" \/>\n<meta property=\"og:site_name\" content=\"endirectdupotager\" \/>\n<meta name=\"twitter:card\" content=\"summary_large_image\" \/>\n<script type=\"application\/ld+json\" class=\"yoast-schema-graph\">{\"@context\":\"https:\/\/schema.org\",\"@graph\":[{\"@type\":\"WebPage\",\"@id\":\"https:\/\/endirectdupotager.fr\/blog\/a-propos\/\",\"url\":\"https:\/\/endirectdupotager.fr\/blog\/a-propos\/\",\"name\":\"\u00c0 propos\",\"isPartOf\":{\"@id\":\"https:\/\/endirectdupotager.fr\/blog\/#website\"},\"datePublished\":\"2026-03-29T23:20:00+00:00\",\"description\":\"En Direct du Potager est votre guide pratique pour cr\u00e9er, entretenir et r\u00e9colter votre potager avec m\u00e9thode et plaisir. Des associations de l\u00e9gumes \u00e0 la\",\"inLanguage\":\"fr-FR\",\"potentialAction\":[{\"@type\":\"ReadAction\",\"target\":[\"https:\/\/endirectdupotager.fr\/blog\/a-propos\/\"]}]},{\"@type\":\"WebSite\",\"@id\":\"https:\/\/endirectdupotager.fr\/blog\/#website\",\"url\":\"https:\/\/endirectdupotager.fr\/blog\/\",\"name\":\"endirectdupotager.fr\",\"description\":\"Votre guide pour un potager r\u00e9ussi.\",\"publisher\":{\"@id\":\"https:\/\/endirectdupotager.fr\/blog\/#organization\"},\"alternateName\":\"Votre guide pour un potager r\u00e9ussi.\",\"potentialAction\":[{\"@type\":\"SearchAction\",\"target\":{\"@type\":\"EntryPoint\",\"urlTemplate\":\"https:\/\/endirectdupotager.fr\/blog\/?s={search_term_string}\"},\"query-input\":{\"@type\":\"PropertyValueSpecification\",\"valueRequired\":true,\"valueName\":\"search_term_string\"}}],\"inLanguage\":\"fr-FR\"},{\"@type\":\"Organization\",\"@id\":\"https:\/\/endirectdupotager.fr\/blog\/#organization\",\"name\":\"Foretsensations.fr\",\"url\":\"https:\/\/endirectdupotager.fr\/blog\/\",\"logo\":{\"@type\":\"ImageObject\",\"inLanguage\":\"fr-FR\",\"@id\":\"https:\/\/endirectdupotager.fr\/blog\/#\/schema\/logo\/image\/\",\"url\":\"https:\/\/endirectdupotager.fr\/blog\/wp-content\/uploads\/2024\/12\/29.png\",\"contentUrl\":\"https:\/\/endirectdupotager.fr\/blog\/wp-content\/uploads\/2024\/12\/29.png\",\"width\":500,\"height\":500,\"caption\":\"Foretsensations.fr\"},\"image\":{\"@id\":\"https:\/\/endirectdupotager.fr\/blog\/#\/schema\/logo\/image\/\"}}]}<\/script>\n<!-- \/ Yoast SEO Premium plugin. -->","yoast_head_json":{"title":"\u00c0 propos","description":"En Direct du Potager est votre guide pratique pour cr\u00e9er, entretenir et r\u00e9colter votre potager avec m\u00e9thode et plaisir. Des associations de l\u00e9gumes \u00e0 la","robots":{"index":"index","follow":"follow","max-snippet":"max-snippet:-1","max-image-preview":"max-image-preview:large","max-video-preview":"max-video-preview:-1"},"canonical":"https:\/\/endirectdupotager.fr\/blog\/a-propos\/","og_locale":"fr_FR","og_type":"article","og_title":"\u00c0 propos","og_description":"En Direct du Potager est votre guide pratique pour cr\u00e9er, entretenir et r\u00e9colter votre potager avec m\u00e9thode et plaisir. Des associations de l\u00e9gumes \u00e0 la","og_url":"https:\/\/endirectdupotager.fr\/blog\/a-propos\/","og_site_name":"endirectdupotager","twitter_card":"summary_large_image","schema":{"@context":"https:\/\/schema.org","@graph":[{"@type":"WebPage","@id":"https:\/\/endirectdupotager.fr\/blog\/a-propos\/","url":"https:\/\/endirectdupotager.fr\/blog\/a-propos\/","name":"\u00c0 propos","isPartOf":{"@id":"https:\/\/endirectdupotager.fr\/blog\/#website"},"datePublished":"2026-03-29T23:20:00+00:00","description":"En Direct du Potager est votre guide pratique pour cr\u00e9er, entretenir et r\u00e9colter votre potager avec m\u00e9thode et plaisir. Des associations de l\u00e9gumes \u00e0 la","inLanguage":"fr-FR","potentialAction":[{"@type":"ReadAction","target":["https:\/\/endirectdupotager.fr\/blog\/a-propos\/"]}]},{"@type":"WebSite","@id":"https:\/\/endirectdupotager.fr\/blog\/#website","url":"https:\/\/endirectdupotager.fr\/blog\/","name":"endirectdupotager.fr","description":"Votre guide pour un potager r\u00e9ussi.","publisher":{"@id":"https:\/\/endirectdupotager.fr\/blog\/#organization"},"alternateName":"Votre guide pour un potager r\u00e9ussi.","potentialAction":[{"@type":"SearchAction","target":{"@type":"EntryPoint","urlTemplate":"https:\/\/endirectdupotager.fr\/blog\/?s={search_term_string}"},"query-input":{"@type":"PropertyValueSpecification","valueRequired":true,"valueName":"search_term_string"}}],"inLanguage":"fr-FR"},{"@type":"Organization","@id":"https:\/\/endirectdupotager.fr\/blog\/#organization","name":"Foretsensations.fr","url":"https:\/\/endirectdupotager.fr\/blog\/","logo":{"@type":"ImageObject","inLanguage":"fr-FR","@id":"https:\/\/endirectdupotager.fr\/blog\/#\/schema\/logo\/image\/","url":"https:\/\/endirectdupotager.fr\/blog\/wp-content\/uploads\/2024\/12\/29.png","contentUrl":"https:\/\/endirectdupotager.fr\/blog\/wp-content\/uploads\/2024\/12\/29.png","width":500,"height":500,"caption":"Foretsensations.fr"},"image":{"@id":"https:\/\/endirectdupotager.fr\/blog\/#\/schema\/logo\/image\/"}}]}},"_links":{"self":[{"href":"https:\/\/endirectdupotager.fr\/blog\/wp-json\/wp\/v2\/pages\/9913","targetHints":{"allow":["GET"]}}],"collection":[{"href":"https:\/\/endirectdupotager.fr\/blog\/wp-json\/wp\/v2\/pages"}],"about":[{"href":"https:\/\/endirectdupotager.fr\/blog\/wp-json\/wp\/v2\/types\/page"}],"author":[{"embeddable":true,"href":"https:\/\/endirectdupotager.fr\/blog\/wp-json\/wp\/v2\/users\/34"}],"replies":[{"embeddable":true,"href":"https:\/\/endirectdupotager.fr\/blog\/wp-json\/wp\/v2\/comments?post=9913"}],"version-history":[{"count":1,"href":"https:\/\/endirectdupotager.fr\/blog\/wp-json\/wp\/v2\/pages\/9913\/revisions"}],"predecessor-version":[{"id":9915,"href":"https:\/\/endirectdupotager.fr\/blog\/wp-json\/wp\/v2\/pages\/9913\/revisions\/9915"}],"wp:attachment":[{"href":"https:\/\/endirectdupotager.fr\/blog\/wp-json\/wp\/v2\/media?parent=9913"}],"curies":[{"name":"wp","href":"https:\/\/api.w.org\/{rel}","templated":true}]}}